{"id":756,"date":"2020-06-20T08:37:42","date_gmt":"2020-06-20T08:37:42","guid":{"rendered":"https:\/\/signalwerk-leben.de\/?page_id=756"},"modified":"2023-02-02T10:06:26","modified_gmt":"2023-02-02T10:06:26","slug":"selbstregierung","status":"publish","type":"page","link":"https:\/\/signalwerk-leben.de\/?page_id=756","title":{"rendered":"Selbstregierung"},"content":{"rendered":"\t\t<div data-elementor-type=\"wp-page\" data-elementor-id=\"756\" class=\"elementor elementor-756\" data-elementor-settings=\"[]\">\n\t\t\t<div class=\"elementor-inner\">\n\t\t\t\t<div class=\"elementor-section-wrap\">\n\t\t\t\t\t\t\t<section class=\"elementor-element elementor-element-7e9ee856 elementor-section-boxed elementor-section-height-default elementor-section-height-default elementor-section elementor-top-section\" data-id=\"7e9ee856\" data-element_type=\"section\">\n\t\t\t\t\t\t<div class=\"elementor-container elementor-column-gap-default\">\n\t\t\t\t<div class=\"elementor-row\">\n\t\t\t\t<div class=\"elementor-element elementor-element-5bf1cc30 elementor-column elementor-col-50 elementor-top-column\" data-id=\"5bf1cc30\" data-element_type=\"column\">\n\t\t\t<div class=\"elementor-column-wrap  elementor-element-populated\">\n\t\t\t\t\t<div class=\"elementor-widget-wrap\">\n\t\t\t\t<div class=\"elementor-element elementor-element-8a7c802 elementor-widget elementor-widget-image\" data-id=\"8a7c802\" data-element_type=\"widget\" data-widget_type=\"image.default\">\n\t\t\t\t<div class=\"elementor-widget-container\">\n\t\t\t\t\t<div class=\"elementor-image\">\n\t\t\t\t\t\t\t\t\t\t\t<a href=\"http:\/\/signalwerk-leben.de\">\n\t\t\t\t\t\t\t<img width=\"814\" height=\"199\" src=\"https:\/\/signalwerk-leben.de\/wp-content\/uploads\/2023\/01\/Bosch45.jpeg\" class=\"attachment-large size-large\" alt=\"\" loading=\"lazy\" srcset=\"https:\/\/signalwerk-leben.de\/wp-content\/uploads\/2023\/01\/Bosch45.jpeg 814w, https:\/\/signalwerk-leben.de\/wp-content\/uploads\/2023\/01\/Bosch45-300x73.jpeg 300w, https:\/\/signalwerk-leben.de\/wp-content\/uploads\/2023\/01\/Bosch45-768x188.jpeg 768w\" sizes=\"(max-width: 814px) 100vw, 814px\" \/>\t\t\t\t\t\t\t\t<\/a>\n\t\t\t\t\t\t\t\t\t\t\t<\/div>\n\t\t\t\t<\/div>\n\t\t\t\t<\/div>\n\t\t\t\t\t\t<\/div>\n\t\t\t<\/div>\n\t\t<\/div>\n\t\t\t\t<div class=\"elementor-element elementor-element-484c4a5c elementor-column elementor-col-50 elementor-top-column\" data-id=\"484c4a5c\" data-element_type=\"column\">\n\t\t\t<div class=\"elementor-column-wrap\">\n\t\t\t\t\t<div class=\"elementor-widget-wrap\">\n\t\t\t\t\t\t<\/div>\n\t\t\t<\/div>\n\t\t<\/div>\n\t\t\t\t\t\t<\/div>\n\t\t\t<\/div>\n\t\t<\/section>\n\t\t\t\t<section class=\"elementor-element elementor-element-2f995998 elementor-section-boxed elementor-section-height-default elementor-section-height-default elementor-section elementor-top-section\" data-id=\"2f995998\" data-element_type=\"section\">\n\t\t\t\t\t\t<div class=\"elementor-container elementor-column-gap-default\">\n\t\t\t\t<div class=\"elementor-row\">\n\t\t\t\t<div class=\"elementor-element elementor-element-555527d3 elementor-column elementor-col-100 elementor-top-column\" data-id=\"555527d3\" data-element_type=\"column\">\n\t\t\t<div class=\"elementor-column-wrap  elementor-element-populated\">\n\t\t\t\t\t<div class=\"elementor-widget-wrap\">\n\t\t\t\t<div class=\"elementor-element elementor-element-dbfad19 elementor-widget elementor-widget-divider\" data-id=\"dbfad19\" data-element_type=\"widget\" data-widget_type=\"divider.default\">\n\t\t\t\t<div class=\"elementor-widget-container\">\n\t\t\t\t\t<div class=\"elementor-divider\">\n\t\t\t<span class=\"elementor-divider-separator\">\n\t\t\t\t\t\t<\/span>\n\t\t<\/div>\n\t\t\t\t<\/div>\n\t\t\t\t<\/div>\n\t\t\t\t<div class=\"elementor-element elementor-element-15cf5ab2 elementor-align-center elementor-widget elementor-widget-mega-menu\" data-id=\"15cf5ab2\" data-element_type=\"widget\" data-widget_type=\"mega-menu.default\">\n\t\t\t\t<div class=\"elementor-widget-container\">\n\t\t\t\t\t\n\t\t<nav itemtype=\"http:\/\/schema.org\/SiteNavigationElement\" itemscope=\"itemscope\" class=\"cbp-hsmenu-wrapper\" id=\"cbp-hsmenu-wrapper\">\n\t\t\t<div class=\"cbp-hsinner\">\n\t\t\t\t<ul id=\"mega-menu\" class=\"cbp-hsmenu\"><li id=\"menu-item-701\" class=\"menu-item menu-item-type-post_type menu-item-object-page menu-item-701\"><a href=\"https:\/\/signalwerk-leben.de\/?page_id=56\">Psychotherapie<\/a><\/li>\n<li id=\"menu-item-766\" class=\"menu-item menu-item-type-post_type menu-item-object-page menu-item-766\"><a href=\"https:\/\/signalwerk-leben.de\/?page_id=756\">Selbstregierung<\/a><\/li>\n<li id=\"menu-item-699\" class=\"menu-item menu-item-type-post_type menu-item-object-page menu-item-699\"><a href=\"https:\/\/signalwerk-leben.de\/?page_id=58\">Gastrosophie<\/a><\/li>\n<li id=\"menu-item-773\" class=\"menu-item menu-item-type-post_type menu-item-object-page menu-item-773\"><a href=\"https:\/\/signalwerk-leben.de\/?page_id=754\">Mensch renoviere Dich !<\/a><\/li>\n<li id=\"menu-item-940\" class=\"menu-item menu-item-type-post_type menu-item-object-page menu-item-940\"><a href=\"https:\/\/signalwerk-leben.de\/?page_id=896\">Agiles Management<\/a><\/li>\n<li id=\"menu-item-941\" class=\"menu-item menu-item-type-post_type menu-item-object-page menu-item-941\"><a href=\"https:\/\/signalwerk-leben.de\/?page_id=918\">Sex &#038; Erotik<\/a><\/li>\n<\/ul>\t\t\t<\/div>\n\t\t<\/nav>\n\t\t\t\t<\/div>\n\t\t\t\t<\/div>\n\t\t\t\t\t\t<\/div>\n\t\t\t<\/div>\n\t\t<\/div>\n\t\t\t\t\t\t<\/div>\n\t\t\t<\/div>\n\t\t<\/section>\n\t\t\t\t<section class=\"elementor-element elementor-element-6aa57e2 elementor-section-boxed elementor-section-height-default elementor-section-height-default elementor-section elementor-top-section\" data-id=\"6aa57e2\" data-element_type=\"section\">\n\t\t\t\t\t\t<div class=\"elementor-container elementor-column-gap-default\">\n\t\t\t\t<div class=\"elementor-row\">\n\t\t\t\t<div class=\"elementor-element elementor-element-d99b289 elementor-column elementor-col-50 elementor-top-column\" data-id=\"d99b289\" data-element_type=\"column\">\n\t\t\t<div class=\"elementor-column-wrap  elementor-element-populated\">\n\t\t\t\t\t<div class=\"elementor-widget-wrap\">\n\t\t\t\t<div class=\"elementor-element elementor-element-7fdd79e elementor-widget elementor-widget-text-editor\" data-id=\"7fdd79e\" data-element_type=\"widget\" data-widget_type=\"text-editor.default\">\n\t\t\t\t<div class=\"elementor-widget-container\">\n\t\t\t\t\t<div class=\"elementor-text-editor elementor-clearfix\"><p>Selbstregierung<\/p><\/div>\n\t\t\t\t<\/div>\n\t\t\t\t<\/div>\n\t\t\t\t\t\t<\/div>\n\t\t\t<\/div>\n\t\t<\/div>\n\t\t\t\t<div class=\"elementor-element elementor-element-84f30c4 elementor-column elementor-col-50 elementor-top-column\" data-id=\"84f30c4\" data-element_type=\"column\">\n\t\t\t<div class=\"elementor-column-wrap  elementor-element-populated\">\n\t\t\t\t\t<div class=\"elementor-widget-wrap\">\n\t\t\t\t<div class=\"elementor-element elementor-element-68c793b elementor-widget elementor-widget-text-editor\" data-id=\"68c793b\" data-element_type=\"widget\" data-widget_type=\"text-editor.default\">\n\t\t\t\t<div class=\"elementor-widget-container\">\n\t\t\t\t\t<div class=\"elementor-text-editor elementor-clearfix\"><\/div>\n\t\t\t\t<\/div>\n\t\t\t\t<\/div>\n\t\t\t\t\t\t<\/div>\n\t\t\t<\/div>\n\t\t<\/div>\n\t\t\t\t\t\t<\/div>\n\t\t\t<\/div>\n\t\t<\/section>\n\t\t\t\t<section class=\"elementor-element elementor-element-58e4efe2 elementor-section-boxed elementor-section-height-default elementor-section-height-default elementor-section elementor-top-section\" data-id=\"58e4efe2\" data-element_type=\"section\">\n\t\t\t\t\t\t<div class=\"elementor-container elementor-column-gap-default\">\n\t\t\t\t<div class=\"elementor-row\">\n\t\t\t\t<div class=\"elementor-element elementor-element-631a7b7e elementor-column elementor-col-50 elementor-top-column\" data-id=\"631a7b7e\" data-element_type=\"column\">\n\t\t\t<div class=\"elementor-column-wrap  elementor-element-populated\">\n\t\t\t\t\t<div class=\"elementor-widget-wrap\">\n\t\t\t\t<div class=\"elementor-element elementor-element-2813a5a3 elementor-widget elementor-widget-text-editor\" data-id=\"2813a5a3\" data-element_type=\"widget\" data-widget_type=\"text-editor.default\">\n\t\t\t\t<div class=\"elementor-widget-container\">\n\t\t\t\t\t<div class=\"elementor-text-editor elementor-clearfix\"><p class=\"western\" align=\"justify\"><span style=\"font-family: Liberation, serif;\">Fr\u00fcher nahm die Macht den direkten Weg und war Zwang. Heute geht sie viele Umwege und wird darin zur sanften Invasion. Der sanfte Zwang sorgt daf\u00fcr, dass der Mensch aus freien St\u00fccken das will, was von ihm gewollt wird. Er will dann das von selbst, was er fr\u00fcher zwangsweise machen musste.<\/span><\/p><p class=\"western\" align=\"justify\"><span style=\"font-family: Liberation, serif;\">Die Katze \u00fcbertr\u00e4gt ihren Willen gerne auf diese Weise. Sie droht nicht wie ein Sklaventreiber mit der Peitsche, sondern manipuliert sanft den Menschen. Sitzt sie vor der T\u00fcr, l\u00e4sst der Besitzer sie rein. Will sie sofort wieder aus dem Haus, macht er ihr wieder die T\u00fcr auf. \u00dcberlegt sich die Katze es aber doch wieder anders, l\u00e4sst er sie wieder rein. So macht er genau da, was die Katze will und fasst das Fremdinteresse als sein ureigenstes Interesse auf.<\/span><\/p><p class=\"western\" align=\"justify\"><span style=\"font-family: Liberation, serif;\">Der Chef, die Freundin, der Freund, die Mutter, die Werbung, Katze und Hund sind sanfte Invasoren und nutzen die Freiheit des einzelnen Menschen, damit er seine Selbstregierung als Fremdregierung lebt. Die F\u00fchrung der Selbstf\u00fchrung ist das Ziel, die eine leichte Beute ist, weil die wenigsten Menschen \u00fcberhaupt keine intakte Selbstregierung besitzen. Es ist n\u00e4mlich leichter, Befehle entgegen zu nehmen als sich selbst zu befehlen. Es ist leichter Sklave zu sein als sein eigener Herr. Denn man kann sich schlecht selbst zu etwas zwingen, weil man leicht Ausreden findet und sich nicht gut selbst bestrafen kann. <\/span><\/p><p class=\"western\" align=\"justify\"><span style=\"font-family: Liberation, serif;\">So wie die Macht von Au\u00dfen muss also auch die Selbstregierung darauf setzen, keine direkten Befehle zu geben. Sie muss kleine Umwege zu gehen, um sich selbst auf sanfte Art zu bestimmen. Daf\u00fcr braucht man viele kleine sanfte Invasion seiner selbst. <\/span><\/p><h5 class=\"western\" align=\"justify\">Die sanfte Invasion<\/h5><p align=\"justify\"><img loading=\"lazy\" class=\" wp-image-854 alignleft\" src=\"https:\/\/signalwerk-leben.de\/wp-content\/uploads\/2020\/06\/Katze-Haus-Blase-247x300.png\" alt=\"\" width=\"101\" height=\"123\" srcset=\"https:\/\/signalwerk-leben.de\/wp-content\/uploads\/2020\/06\/Katze-Haus-Blase-247x300.png 247w, https:\/\/signalwerk-leben.de\/wp-content\/uploads\/2020\/06\/Katze-Haus-Blase-844x1024.png 844w, https:\/\/signalwerk-leben.de\/wp-content\/uploads\/2020\/06\/Katze-Haus-Blase-768x931.png 768w, https:\/\/signalwerk-leben.de\/wp-content\/uploads\/2020\/06\/Katze-Haus-Blase.png 888w\" sizes=\"(max-width: 101px) 100vw, 101px\" \/>Sitzt die Katze vor der T\u00fcr und m\u00f6chte ins Haus, l\u00e4sst der Besitzer sie rein.<\/p><p align=\"justify\">\u00a0<\/p><p class=\"western\" align=\"justify\"><img loading=\"lazy\" class=\" wp-image-855 alignleft\" src=\"https:\/\/signalwerk-leben.de\/wp-content\/uploads\/2020\/06\/Haus-2.png\" alt=\"\" width=\"128\" height=\"137\" \/>Ist sie im Haus und die T\u00fcr wieder zu, will sie wieder raus.<\/p><p align=\"justify\">\u00a0<\/p><p align=\"justify\">\u00a0<\/p><p class=\"western\" align=\"justify\"><img loading=\"lazy\" class=\"wp-image-858 alignleft\" src=\"https:\/\/signalwerk-leben.de\/wp-content\/uploads\/2020\/06\/Haus-3.png\" alt=\"\" width=\"136\" height=\"151\" \/>Der Mensch macht die T\u00fcr wieder auf, l\u00e4sst die Katze raus und nach f\u00fcnf Minuten geht das Spiel wieder von vorne los: ohne den geringsten Befehl herrscht das\u00a0 Tier.<\/p><p align=\"justify\">\u00a0<\/p><\/div>\n\t\t\t\t<\/div>\n\t\t\t\t<\/div>\n\t\t\t\t\t\t<\/div>\n\t\t\t<\/div>\n\t\t<\/div>\n\t\t\t\t<div class=\"elementor-element elementor-element-71f18b7c elementor-column elementor-col-50 elementor-top-column\" data-id=\"71f18b7c\" data-element_type=\"column\">\n\t\t\t<div class=\"elementor-column-wrap  elementor-element-populated\">\n\t\t\t\t\t<div class=\"elementor-widget-wrap\">\n\t\t\t\t<div class=\"elementor-element elementor-element-45a11a5 elementor-widget elementor-widget-text-editor\" data-id=\"45a11a5\" data-element_type=\"widget\" data-widget_type=\"text-editor.default\">\n\t\t\t\t<div class=\"elementor-widget-container\">\n\t\t\t\t\t<div class=\"elementor-text-editor elementor-clearfix\"><h3 align=\"justify\">Seminarplan<\/h3><p class=\"western\" align=\"justify\">Im Menschen kreuzen sich viele Interessen und es gibt einen st\u00e4ndigen Machtkampf darum, wer was wann macht. Der Mensch ist nur von au\u00dfen betrachtet eine Einheit, f\u00fcr sich aber ein politisches Gebilde mit teilautonomen Staaten wie der Atmung oder der Verdauung. Das Ich k\u00e4mpft um die Vorherrschaft so wie die vielen Triebe und Gel\u00fcste, das Gewissen und die Instinkte. Da es von Au\u00dfen (Gesellschaft, Staat, Familie) immer weniger Zw\u00e4nge und Angebote zur Orientierung\u00a0 gibt, braucht es eine Selbstregierung, in der jeder f\u00fcr sich sein souver\u00e4ner Au\u00dfenminister, Innenminister, Pr\u00e4sident etc. ist. Thema des Seminars ist also die Selbstregierung.\u00a0<\/p><p align=\"justify\">Das Seminar umfasst die vier Themenbl\u00f6cke \u201eSelbstregierung\/Fremdregierung\u201c, \u201eGewaltenteilung\u201c, \u201eSelbstbefehl\u201c und \u201eSelbstverwertung\u201c. Es handelt sich um vier Bl\u00f6cke \u00e0 1,5 h (Gesamtdauer: 6 h).<\/p><h4 align=\"justify\">I. Selbstregierung und Fremdregierung<\/h4><p align=\"justify\">Staat, Kirche und Familie haben immer weniger Macht \u00fcber den Menschen. Was die gro\u00dfe Politik verliert, gewinnt dabei die kleine Politik, die Selbstregierung jedes Einzelnen. Als kleinste politische Einheit ist sich der Mensch sein eigener Gesetzgeber und betreibt eine Mikrophysik der Macht f\u00fcr sich. Die Selbstregierung ist zur Selbstverst\u00e4ndlichkeit geworden. Was fr\u00fcher als au\u00dfergew\u00f6hnliche Selbsterfindung galt und originelle Gestalten wie Platon, Epikur und Montaigne hervorbrachte, ist heute das Pflichtprogramm f\u00fcr jeden Einzelnen geworden. Ob man will oder nicht \u2013 man muss sich selbst regieren.<\/p><h4 align=\"justify\">II. Gewaltenteilung<\/h4><p align=\"justify\">Im Menschen gibt es so wie im Staat eine Gewaltenteilung. Die entscheidenden Fragen sind dabei dieselben: Wer dient, wer regiert? Wer macht wann was f\u00fcr wen? Wer ist oben, wer ist unten? Wer in mir ist aktiv, wer in mir ist passiv? Anhand einfacher Beispiele (Klavierspielen, Bau einer Natursteinmauer, erotische Ber\u00fchrung) wird erkl\u00e4rt, wie kleine Umst\u00fcrze in der Politik des Selbst vorgenommen werden k\u00f6nnen. Wie wird das Ich arbeitslos gemacht, damit die H\u00e4nde bei Klavierspielen ein \u201ees macht in mir\u201c hervorbringen? Welche Modelle der Arbeitsteilung zwischen Ich und Mich gibt es \u00fcberhaupt? Wie lassen sie sich anleiten?<\/p><h4 align=\"justify\">III. Selbstbefehl<\/h4><p align=\"justify\">Kommt der Alkoholiker am K\u00fchlschrank vorbei, meldet sich bei ihm ein \u201eGreif doch zu\u201c \u2013 D\u00e4mon. Etwas fl\u00fcstert in ihm, den K\u00fchlschrank aufzumachen und einen kleinen Umtrunk vorzunehmen. Das alkoholische Gewissen fordert auf, \u00fcberredet und verharmlost. Es ist leicht, den inneren alkoholischen Gel\u00fcsten nachzugeben. Doch wie sieht eine Selbstregierung aus, indem man aus freiwilligen Motiven handelt? Ein solches System von Zug und Sog wird anhand der Di\u00e4ten beschrieben, wo der Di\u00e4tetiker sich selbst einem Diktat der Gebote und Verbote unterwirft. Darin findet sich ein leichter Zugang zu einem komplexen Regelwerk, das von Innen heraus gelebt wird und sich zum Guten wie zum Schlechten auf das ganze Leben \u00fcbertragen l\u00e4sst.<\/p><h4 align=\"justify\">IV. Selbstverwertung: politische \u00d6konomie des Lebens<\/h4><p align=\"justify\">Wer sich selbst regieren m\u00f6chte, muss wissen, wie er sich verwerten will. Das alte Modell, sich durch Arbeit n\u00fctzlich zu werden und dabei m\u00f6glichst viel an Besitz und Geld anzuh\u00e4ufen, davon den kleineren Teil zu verbrauchen und den gr\u00f6\u00dferen Teil dauerhaft aufzusparen, ger\u00e4t aus der Mode. Selbstverschwendung, Hedonismus, Daseinsvorsorge, Altruismus, Askese und Verausgabung sind verschiedene Formen der Lebens\u00f6konomie, die diskutiert werden, um die Dimensionen der Selbstverwertung aufzuzeigen.<\/p><h4 align=\"justify\"><img loading=\"lazy\" class=\" wp-image-952 alignleft\" src=\"https:\/\/signalwerk-leben.de\/wp-content\/uploads\/2022\/03\/Cov-taubenblau-zitronengelb-247x300.png\" alt=\"\" width=\"201\" height=\"243\" srcset=\"https:\/\/signalwerk-leben.de\/wp-content\/uploads\/2022\/03\/Cov-taubenblau-zitronengelb-247x300.png 247w, https:\/\/signalwerk-leben.de\/wp-content\/uploads\/2022\/03\/Cov-taubenblau-zitronengelb-844x1024.png 844w, https:\/\/signalwerk-leben.de\/wp-content\/uploads\/2022\/03\/Cov-taubenblau-zitronengelb-768x932.png 768w, https:\/\/signalwerk-leben.de\/wp-content\/uploads\/2022\/03\/Cov-taubenblau-zitronengelb-1266x1536.png 1266w, https:\/\/signalwerk-leben.de\/wp-content\/uploads\/2022\/03\/Cov-taubenblau-zitronengelb-1689x2048.png 1689w\" sizes=\"(max-width: 201px) 100vw, 201px\" \/>Selbstregierung<\/h4><p align=\"justify\">Brosch\u00fcre zu den Inhalten des Seminars.<\/p><p align=\"justify\">Auf Anfrage.<\/p><p align=\"justify\">\u00a0<\/p><\/div>\n\t\t\t\t<\/div>\n\t\t\t\t<\/div>\n\t\t\t\t\t\t<\/div>\n\t\t\t<\/div>\n\t\t<\/div>\n\t\t\t\t\t\t<\/div>\n\t\t\t<\/div>\n\t\t<\/section>\n\t\t\t\t<section class=\"elementor-element elementor-element-2dc30ed4 elementor-section-boxed elementor-section-height-default elementor-section-height-default elementor-section elementor-top-section\" data-id=\"2dc30ed4\" data-element_type=\"section\">\n\t\t\t\t\t\t<div class=\"elementor-container elementor-column-gap-default\">\n\t\t\t\t<div class=\"elementor-row\">\n\t\t\t\t<div class=\"elementor-element elementor-element-612aeb6d elementor-column elementor-col-100 elementor-top-column\" data-id=\"612aeb6d\" data-element_type=\"column\">\n\t\t\t<div class=\"elementor-column-wrap  elementor-element-populated\">\n\t\t\t\t\t<div class=\"elementor-widget-wrap\">\n\t\t\t\t<div class=\"elementor-element elementor-element-5f8fec0 elementor-widget elementor-widget-divider\" data-id=\"5f8fec0\" data-element_type=\"widget\" data-widget_type=\"divider.default\">\n\t\t\t\t<div class=\"elementor-widget-container\">\n\t\t\t\t\t<div class=\"elementor-divider\">\n\t\t\t<span class=\"elementor-divider-separator\">\n\t\t\t\t\t\t<\/span>\n\t\t<\/div>\n\t\t\t\t<\/div>\n\t\t\t\t<\/div>\n\t\t\t\t<div class=\"elementor-element elementor-element-56e7c8cf elementor-align-center elementor-widget elementor-widget-default-navmenu\" data-id=\"56e7c8cf\" data-element_type=\"widget\" data-widget_type=\"default-navmenu.default\">\n\t\t\t\t<div class=\"elementor-widget-container\">\n\t\t\t<div id=\"elementor-header-primary\" class=\"elementor-header\">\t\t\t<button id=\"elementor-menu-toggle\" class=\"elementor-menu-toggle\"><i class=\"fa fa-navicon\"><\/i><\/button>\n\t\t\t<div id=\"elementor-menu\" class=\"elementor-menu\">\n\t\t\t\n\t\t\t\t<nav itemtype=\"http:\/\/schema.org\/SiteNavigationElement\" itemscope=\"itemscope\" id=\"elementor-navigation\" class=\"elementor-navigation\" role=\"navigation\" aria-label=\"Elementor Menu\">\t\t\t\t\n\t\t\t\t<ul id=\"elementor-navmenu\" class=\"elementor-nav-menu\"><li id=\"menu-item-764\" class=\"menu-item menu-item-type-post_type menu-item-object-page menu-item-764\"><a href=\"https:\/\/signalwerk-leben.de\/?page_id=756\">Selbstregierung<\/a><\/li>\n<li id=\"menu-item-759\" class=\"menu-item menu-item-type-post_type menu-item-object-page menu-item-759\"><a href=\"https:\/\/signalwerk-leben.de\/?page_id=58\">Gastrosophie<\/a><\/li>\n<li id=\"menu-item-760\" class=\"menu-item menu-item-type-post_type menu-item-object-page menu-item-760\"><a href=\"https:\/\/signalwerk-leben.de\/?page_id=56\">Psychotherapie des guten Lebens<\/a><\/li>\n<li id=\"menu-item-762\" class=\"menu-item menu-item-type-post_type menu-item-object-page menu-item-762\"><a href=\"https:\/\/signalwerk-leben.de\/?page_id=754\">Mensch renoviere Dich !<\/a><\/li>\n<li id=\"menu-item-777\" class=\"menu-item menu-item-type-post_type menu-item-object-page menu-item-777\"><a href=\"https:\/\/signalwerk-leben.de\/?page_id=70\">Impressum<\/a><\/li>\n<li id=\"menu-item-935\" class=\"menu-item menu-item-type-post_type menu-item-object-page menu-item-935\"><a href=\"https:\/\/signalwerk-leben.de\/?page_id=896\">Agiles Management<\/a><\/li>\n<li id=\"menu-item-936\" class=\"menu-item menu-item-type-post_type menu-item-object-page menu-item-936\"><a href=\"https:\/\/signalwerk-leben.de\/?page_id=918\">Sex &#038; Erotik<\/a><\/li>\n<\/ul>\t\t\n\t\t\t\t\t\t\t\t<\/nav>\n\t\t\t<\/div>\n\t\t<\/div>\n\t\t\t\t<\/div>\n\t\t\t\t<\/div>\n\t\t\t\t\t\t<\/div>\n\t\t\t<\/div>\n\t\t<\/div>\n\t\t\t\t\t\t<\/div>\n\t\t\t<\/div>\n\t\t<\/section>\n\t\t\t\t\t\t<\/div>\n\t\t\t<\/div>\n\t\t<\/div>\n\t\t","protected":false},"excerpt":{"rendered":"<p>Psychotherapie Selbstregierung Gastrosophie Mensch renoviere Dich ! Agiles Management Sex &#038; Erotik Selbstregierung Fr\u00fcher nahm die Macht den direkten Weg und war Zwang. Heute geht&hellip;<\/p>\n","protected":false},"author":1,"featured_media":0,"parent":0,"menu_order":0,"comment_status":"closed","ping_status":"closed","template":"template-page-builder-no-header-footer.php","meta":[],"_links":{"self":[{"href":"https:\/\/signalwerk-leben.de\/index.php?rest_route=\/wp\/v2\/pages\/756"}],"collection":[{"href":"https:\/\/signalwerk-leben.de\/index.php?rest_route=\/wp\/v2\/pages"}],"about":[{"href":"https:\/\/signalwerk-leben.de\/index.php?rest_route=\/wp\/v2\/types\/page"}],"author":[{"embeddable":true,"href":"https:\/\/signalwerk-leben.de\/index.php?rest_route=\/wp\/v2\/users\/1"}],"replies":[{"embeddable":true,"href":"https:\/\/signalwerk-leben.de\/index.php?rest_route=%2Fwp%2Fv2%2Fcomments&post=756"}],"version-history":[{"count":18,"href":"https:\/\/signalwerk-leben.de\/index.php?rest_route=\/wp\/v2\/pages\/756\/revisions"}],"predecessor-version":[{"id":1109,"href":"https:\/\/signalwerk-leben.de\/index.php?rest_route=\/wp\/v2\/pages\/756\/revisions\/1109"}],"wp:attachment":[{"href":"https:\/\/signalwerk-leben.de\/index.php?rest_route=%2Fwp%2Fv2%2Fmedia&parent=756"}],"curies":[{"name":"wp","href":"https:\/\/api.w.org\/{rel}","templated":true}]}}