{"id":754,"date":"2020-06-20T08:38:13","date_gmt":"2020-06-20T08:38:13","guid":{"rendered":"https:\/\/signalwerk-leben.de\/?page_id=754"},"modified":"2023-01-30T09:27:01","modified_gmt":"2023-01-30T09:27:01","slug":"baustelle-mensch-renovierung-leicht-gemacht","status":"publish","type":"page","link":"https:\/\/signalwerk-leben.de\/?page_id=754","title":{"rendered":"Mensch renoviere Dich"},"content":{"rendered":"\t\t<div data-elementor-type=\"wp-page\" data-elementor-id=\"754\" class=\"elementor elementor-754\" data-elementor-settings=\"[]\">\n\t\t\t<div class=\"elementor-inner\">\n\t\t\t\t<div class=\"elementor-section-wrap\">\n\t\t\t\t\t\t\t<section class=\"elementor-element elementor-element-130a078 elementor-section-boxed elementor-section-height-default elementor-section-height-default elementor-section elementor-top-section\" data-id=\"130a078\" data-element_type=\"section\">\n\t\t\t\t\t\t<div class=\"elementor-container elementor-column-gap-default\">\n\t\t\t\t<div class=\"elementor-row\">\n\t\t\t\t<div class=\"elementor-element elementor-element-681a09a7 elementor-column elementor-col-50 elementor-top-column\" data-id=\"681a09a7\" data-element_type=\"column\">\n\t\t\t<div class=\"elementor-column-wrap  elementor-element-populated\">\n\t\t\t\t\t<div class=\"elementor-widget-wrap\">\n\t\t\t\t<div class=\"elementor-element elementor-element-552d3ea elementor-widget elementor-widget-image\" data-id=\"552d3ea\" data-element_type=\"widget\" data-widget_type=\"image.default\">\n\t\t\t\t<div class=\"elementor-widget-container\">\n\t\t\t\t\t<div class=\"elementor-image\">\n\t\t\t\t\t\t\t\t\t\t\t<a href=\"http:\/\/signalwerk-leben.de\">\n\t\t\t\t\t\t\t<img width=\"814\" height=\"199\" src=\"https:\/\/signalwerk-leben.de\/wp-content\/uploads\/2023\/01\/Bosch45.jpeg\" class=\"attachment-large size-large\" alt=\"\" loading=\"lazy\" srcset=\"https:\/\/signalwerk-leben.de\/wp-content\/uploads\/2023\/01\/Bosch45.jpeg 814w, https:\/\/signalwerk-leben.de\/wp-content\/uploads\/2023\/01\/Bosch45-300x73.jpeg 300w, https:\/\/signalwerk-leben.de\/wp-content\/uploads\/2023\/01\/Bosch45-768x188.jpeg 768w\" sizes=\"(max-width: 814px) 100vw, 814px\" \/>\t\t\t\t\t\t\t\t<\/a>\n\t\t\t\t\t\t\t\t\t\t\t<\/div>\n\t\t\t\t<\/div>\n\t\t\t\t<\/div>\n\t\t\t\t\t\t<\/div>\n\t\t\t<\/div>\n\t\t<\/div>\n\t\t\t\t<div class=\"elementor-element elementor-element-4aa406ed elementor-column elementor-col-50 elementor-top-column\" data-id=\"4aa406ed\" data-element_type=\"column\">\n\t\t\t<div class=\"elementor-column-wrap\">\n\t\t\t\t\t<div class=\"elementor-widget-wrap\">\n\t\t\t\t\t\t<\/div>\n\t\t\t<\/div>\n\t\t<\/div>\n\t\t\t\t\t\t<\/div>\n\t\t\t<\/div>\n\t\t<\/section>\n\t\t\t\t<section class=\"elementor-element elementor-element-7a877cf3 elementor-section-boxed elementor-section-height-default elementor-section-height-default elementor-section elementor-top-section\" data-id=\"7a877cf3\" data-element_type=\"section\">\n\t\t\t\t\t\t<div class=\"elementor-container elementor-column-gap-default\">\n\t\t\t\t<div class=\"elementor-row\">\n\t\t\t\t<div class=\"elementor-element elementor-element-2e55ad35 elementor-column elementor-col-100 elementor-top-column\" data-id=\"2e55ad35\" data-element_type=\"column\">\n\t\t\t<div class=\"elementor-column-wrap  elementor-element-populated\">\n\t\t\t\t\t<div class=\"elementor-widget-wrap\">\n\t\t\t\t<div class=\"elementor-element elementor-element-168b790 elementor-widget elementor-widget-divider\" data-id=\"168b790\" data-element_type=\"widget\" data-widget_type=\"divider.default\">\n\t\t\t\t<div class=\"elementor-widget-container\">\n\t\t\t\t\t<div class=\"elementor-divider\">\n\t\t\t<span class=\"elementor-divider-separator\">\n\t\t\t\t\t\t<\/span>\n\t\t<\/div>\n\t\t\t\t<\/div>\n\t\t\t\t<\/div>\n\t\t\t\t<div class=\"elementor-element elementor-element-425bf86 elementor-align-center elementor-widget elementor-widget-mega-menu\" data-id=\"425bf86\" data-element_type=\"widget\" data-widget_type=\"mega-menu.default\">\n\t\t\t\t<div class=\"elementor-widget-container\">\n\t\t\t\t\t\n\t\t<nav itemtype=\"http:\/\/schema.org\/SiteNavigationElement\" itemscope=\"itemscope\" class=\"cbp-hsmenu-wrapper\" id=\"cbp-hsmenu-wrapper\">\n\t\t\t<div class=\"cbp-hsinner\">\n\t\t\t\t<ul id=\"mega-menu\" class=\"cbp-hsmenu\"><li id=\"menu-item-701\" class=\"menu-item menu-item-type-post_type menu-item-object-page menu-item-701\"><a href=\"https:\/\/signalwerk-leben.de\/?page_id=56\">Psychotherapie<\/a><\/li>\n<li id=\"menu-item-766\" class=\"menu-item menu-item-type-post_type menu-item-object-page menu-item-766\"><a href=\"https:\/\/signalwerk-leben.de\/?page_id=756\">Selbstregierung<\/a><\/li>\n<li id=\"menu-item-699\" class=\"menu-item menu-item-type-post_type menu-item-object-page menu-item-699\"><a href=\"https:\/\/signalwerk-leben.de\/?page_id=58\">Gastrosophie<\/a><\/li>\n<li id=\"menu-item-773\" class=\"menu-item menu-item-type-post_type menu-item-object-page menu-item-773\"><a href=\"https:\/\/signalwerk-leben.de\/?page_id=754\">Mensch renoviere Dich !<\/a><\/li>\n<li id=\"menu-item-940\" class=\"menu-item menu-item-type-post_type menu-item-object-page menu-item-940\"><a href=\"https:\/\/signalwerk-leben.de\/?page_id=896\">Agiles Management<\/a><\/li>\n<li id=\"menu-item-941\" class=\"menu-item menu-item-type-post_type menu-item-object-page menu-item-941\"><a href=\"https:\/\/signalwerk-leben.de\/?page_id=918\">Sex &#038; Erotik<\/a><\/li>\n<\/ul>\t\t\t<\/div>\n\t\t<\/nav>\n\t\t\t\t<\/div>\n\t\t\t\t<\/div>\n\t\t\t\t\t\t<\/div>\n\t\t\t<\/div>\n\t\t<\/div>\n\t\t\t\t\t\t<\/div>\n\t\t\t<\/div>\n\t\t<\/section>\n\t\t\t\t<section class=\"elementor-element elementor-element-fa5bc10 elementor-section-boxed elementor-section-height-default elementor-section-height-default elementor-section elementor-top-section\" data-id=\"fa5bc10\" data-element_type=\"section\">\n\t\t\t\t\t\t<div class=\"elementor-container elementor-column-gap-default\">\n\t\t\t\t<div class=\"elementor-row\">\n\t\t\t\t<div class=\"elementor-element elementor-element-c703dca elementor-column elementor-col-100 elementor-top-column\" data-id=\"c703dca\" data-element_type=\"column\">\n\t\t\t<div class=\"elementor-column-wrap  elementor-element-populated\">\n\t\t\t\t\t<div class=\"elementor-widget-wrap\">\n\t\t\t\t<div class=\"elementor-element elementor-element-49f4a5b elementor-widget elementor-widget-text-editor\" data-id=\"49f4a5b\" data-element_type=\"widget\" data-widget_type=\"text-editor.default\">\n\t\t\t\t<div class=\"elementor-widget-container\">\n\t\t\t\t\t<div class=\"elementor-text-editor elementor-clearfix\"><p>Mensch renoviere Dich!<\/p><\/div>\n\t\t\t\t<\/div>\n\t\t\t\t<\/div>\n\t\t\t\t\t\t<\/div>\n\t\t\t<\/div>\n\t\t<\/div>\n\t\t\t\t\t\t<\/div>\n\t\t\t<\/div>\n\t\t<\/section>\n\t\t\t\t<section class=\"elementor-element elementor-element-1875780 elementor-section-boxed elementor-section-height-default elementor-section-height-default elementor-section elementor-top-section\" data-id=\"1875780\" data-element_type=\"section\">\n\t\t\t\t\t\t<div class=\"elementor-container elementor-column-gap-default\">\n\t\t\t\t<div class=\"elementor-row\">\n\t\t\t\t<div class=\"elementor-element elementor-element-18444c0 elementor-column elementor-col-50 elementor-top-column\" data-id=\"18444c0\" data-element_type=\"column\">\n\t\t\t<div class=\"elementor-column-wrap  elementor-element-populated\">\n\t\t\t\t\t<div class=\"elementor-widget-wrap\">\n\t\t\t\t<div class=\"elementor-element elementor-element-e3f8bb0 elementor-widget elementor-widget-text-editor\" data-id=\"e3f8bb0\" data-element_type=\"widget\" data-widget_type=\"text-editor.default\">\n\t\t\t\t<div class=\"elementor-widget-container\">\n\t\t\t\t\t<div class=\"elementor-text-editor elementor-clearfix\"><p align=\"justify\"><img loading=\"lazy\" class=\"alignleft wp-image-789 \" src=\"https:\/\/signalwerk-leben.de\/wp-content\/uploads\/2020\/06\/Hausrenovierung-150x150.png\" alt=\"\" width=\"93\" height=\"93\" \/>Renovieren weckt eine Urlust im Menschen. Es ist die reine Lust am Bau, bei einem alten Haus den Putz von den W\u00e4nden klopfen, damit das Haus wieder atmen kann. Das Baugef\u00fchl hebt ab, wenn man zugemauerte Fenster befreit und das abgestumpfte Parkett zum Gl\u00e4nzen bringt. Es geht voran, die Dinge machen sich und man kommt vorw\u00e4rts.<\/p><p align=\"justify\">Es macht einfach Spa\u00df, ein Haus oder einen alten Mercedes zu renovieren, egal wie anstrengend und verwickelt die Arbeit ist. Dabei vergisst man leicht sich selbst als den eigentlichen Renovierungsfall. So wie das Haus mit der Zeit heruntergewohnt wird, so setzt auch der Mensch Patina, Gilb und Verkalkung an. Man lebt sich so herunter wie das Dach mit der Zeit morsch wird und der Gravitation nachgibt. Nur neigt der Mensch dazu, den eigenen Renovierungsbedarf souver\u00e4n zu \u00fcbersehen. Statt vergilbter Gardinen bildet sich dabei ein abgetragenes und abgewetztes Ich, das den Kontakt zum Leben in kleinen Etappen unbemerkt verliert. Der K\u00f6rper setzt nach und nach Masse an und wird zum Sitzsack. Auch der Schlaf verabschiedet sich diskret und wird zum Halbschlaf. Und wenn man lacht, dann lacht in einem etwa nicht mit, weil sich Platzhaltergef\u00fchle gebildet haben, stille Teilhaber ergrauten Lebens. Das Ertauben, Versumpfen und Ausbleichen der eigenen Lebendigkeit und Frische ist dabei unausweichlich und macht den Menschen zum st\u00e4ndigen Sanierungsfall.<\/p><p align=\"justify\">\u25a0 Projekt Mensch<\/p><p align=\"justify\">Die Urlust am Renovieren gilt aber auch f\u00fcr das eigene Leben. Sie ist nicht nur im Sch\u00f6ner Wohnen zu Hause. So wie es Spa\u00df macht, die verborgene Sch\u00f6nheit aus einem vernachl\u00e4ssigten Haus zu befreien, bereitet es eine urspr\u00fcngliche Lust, sich selbst zu \u00fcberholen und auf Vordermann zu bringen.<\/p><p align=\"justify\">Es hapert aber an den Anleitungen zur Renovierung. Wer ein Haus entschachteln und entkernen will, in das im Laufe der Zeit viele kleine Zimmer hineingebaut worden sind, findet viele Anregungen und Anleitungen. Wer sich selbst renovieren m\u00f6chte, findet dagegen wenig Material. Es ist also Zeit f\u00fcr eine Gebrauchsanweisung f\u00fcr sich selbst.<\/p><\/div>\n\t\t\t\t<\/div>\n\t\t\t\t<\/div>\n\t\t\t\t\t\t<\/div>\n\t\t\t<\/div>\n\t\t<\/div>\n\t\t\t\t<div class=\"elementor-element elementor-element-fd9580e elementor-column elementor-col-50 elementor-top-column\" data-id=\"fd9580e\" data-element_type=\"column\">\n\t\t\t<div class=\"elementor-column-wrap  elementor-element-populated\">\n\t\t\t\t\t<div class=\"elementor-widget-wrap\">\n\t\t\t\t<div class=\"elementor-element elementor-element-7579382 elementor-widget elementor-widget-text-editor\" data-id=\"7579382\" data-element_type=\"widget\" data-widget_type=\"text-editor.default\">\n\t\t\t\t<div class=\"elementor-widget-container\">\n\t\t\t\t\t<div class=\"elementor-text-editor elementor-clearfix\"><p><img loading=\"lazy\" class=\"alignleft wp-image-800 \" src=\"https:\/\/signalwerk-leben.de\/wp-content\/uploads\/2020\/06\/Bauarbeiter.png\" alt=\"\" width=\"82\" height=\"74\" srcset=\"https:\/\/signalwerk-leben.de\/wp-content\/uploads\/2020\/06\/Bauarbeiter.png 498w, https:\/\/signalwerk-leben.de\/wp-content\/uploads\/2020\/06\/Bauarbeiter-300x271.png 300w\" sizes=\"(max-width: 82px) 100vw, 82px\" \/>Kinder haben einen anarchischen Zugang zu Bauideen, Bauanl\u00e4ssen und Baumaterialien und gewinnen aus jedem Material ihre Baulust. Erwachsene bleiben hingegen oft merkw\u00fcrdig beschr\u00e4nkt, weil die Baustoffe f\u00fcr sie immer konkret sein m\u00fcssen. Aus Steinen, Dachziegeln und Fensterrahmen bauen sie mit Gewinn H\u00e4user, schaffen es aber nicht recht, ihr Baugef\u00fchl in zarterem Baumaterial zu leben. So ist f\u00fcr sie der Umfang m\u00f6glicher Baustellen begrenzt, da sie auf Bausteine setzen, die auch wirklich Steine sein m\u00fcssen. Die Lust am Bau wird so stark verknappt und braucht eine General\u00fcberholung.<\/p><p>Es geht darum, das Baugef\u00fchl von seinen Baustoffen zu trennen. Baulust hei\u00dft allgemein ausgedr\u00fcckt Lust am Werden, ohne dabei auf diesen oder jenen Stoff angewiesen zu sein. Der Bautrieb kann sich genauso gut beim Klettern im Fels verwirklichen wie beim Aufbau der eigenen Firma, weil es vom Produkt ganz unabh\u00e4ngig ist. Das Baugef\u00fchl auf Vordermann zu bringen, beruht nun auf der Ausweitung des Baustoffes, so wie das Kind es macht und im Matsch, im Schnee, im Heu und im Sand vielversprechende Stoffe zum Bauen findet. Beim Erwachsenen ist es entsprechend der Wind (Segeln), der Fels (Klettern), die T\u00f6ne (Musik) etc. Auch die Baustelle braucht Variationen im K\u00f6rper (Erotik), Denken (Schach) oder in Raum und Zeit (Aikido).<\/p><p>Das Gef\u00fchl des Vorankommens h\u00e4ngt dabei auch von der Wahl des Baumeisters ab, der im wachen Ich bestehen kann oder im Modus des \u00ab\u00a0Es geschieht in mir\u00a0\u00bb. Schon beim Biertrinken findet sich dieser Wechsel des Baumeisters, da die Lust am Alkohol etwas ist, das im K\u00f6rper geschieht und das Ich au\u00dfen vor l\u00e4sst. Schlie\u00dflich ist die Baulust auch eine Frage ihrer nahen Verwandten, dem Architektur- und Deponiergef\u00fchl. Mit diesen Varianten kann man sich nach und nach bereichern und wird so seine Freizeit nicht mehr am Computer verbringen, wo man einen Bauernhof simuliert, den man durch virtuelles K\u00fchef\u00fcttern nach vorne bringt. Das Computerspiel ist eine schlaffe Bauleidenschaft, die man durch bessere Baul\u00fcste ersetzen kann.<\/p><\/div>\n\t\t\t\t<\/div>\n\t\t\t\t<\/div>\n\t\t\t\t\t\t<\/div>\n\t\t\t<\/div>\n\t\t<\/div>\n\t\t\t\t\t\t<\/div>\n\t\t\t<\/div>\n\t\t<\/section>\n\t\t\t\t<section class=\"elementor-element elementor-element-75a99f9 elementor-section-boxed elementor-section-height-default elementor-section-height-default elementor-section elementor-top-section\" data-id=\"75a99f9\" data-element_type=\"section\">\n\t\t\t\t\t\t<div class=\"elementor-container elementor-column-gap-default\">\n\t\t\t\t<div class=\"elementor-row\">\n\t\t\t\t<div class=\"elementor-element elementor-element-cd9e3ca elementor-column elementor-col-100 elementor-top-column\" data-id=\"cd9e3ca\" data-element_type=\"column\">\n\t\t\t<div class=\"elementor-column-wrap  elementor-element-populated\">\n\t\t\t\t\t<div class=\"elementor-widget-wrap\">\n\t\t\t\t<div class=\"elementor-element elementor-element-d61ff09 elementor-widget elementor-widget-divider\" data-id=\"d61ff09\" data-element_type=\"widget\" data-widget_type=\"divider.default\">\n\t\t\t\t<div class=\"elementor-widget-container\">\n\t\t\t\t\t<div class=\"elementor-divider\">\n\t\t\t<span class=\"elementor-divider-separator\">\n\t\t\t\t\t\t<\/span>\n\t\t<\/div>\n\t\t\t\t<\/div>\n\t\t\t\t<\/div>\n\t\t\t\t<div class=\"elementor-element elementor-element-004ab67 elementor-widget elementor-widget-text-editor\" data-id=\"004ab67\" data-element_type=\"widget\" data-widget_type=\"text-editor.default\">\n\t\t\t\t<div class=\"elementor-widget-container\">\n\t\t\t\t\t<div class=\"elementor-text-editor elementor-clearfix\"><p align=\"justify\"><b>Seminarplan \u201eMensch renoviere Dich!\u201c<\/b><\/p><p align=\"justify\"><img loading=\"lazy\" class=\"wp-image-877 alignleft\" src=\"https:\/\/signalwerk-leben.de\/wp-content\/uploads\/2020\/06\/kissclipart-roofing-contractors-clipart-roof-shingle-roofer-1148fc2b4a3e90aa-300x163.png\" alt=\"\" width=\"177\" height=\"96\" srcset=\"https:\/\/signalwerk-leben.de\/wp-content\/uploads\/2020\/06\/kissclipart-roofing-contractors-clipart-roof-shingle-roofer-1148fc2b4a3e90aa-300x163.png 300w, https:\/\/signalwerk-leben.de\/wp-content\/uploads\/2020\/06\/kissclipart-roofing-contractors-clipart-roof-shingle-roofer-1148fc2b4a3e90aa-1024x557.png 1024w, https:\/\/signalwerk-leben.de\/wp-content\/uploads\/2020\/06\/kissclipart-roofing-contractors-clipart-roof-shingle-roofer-1148fc2b4a3e90aa-768x417.png 768w, https:\/\/signalwerk-leben.de\/wp-content\/uploads\/2020\/06\/kissclipart-roofing-contractors-clipart-roof-shingle-roofer-1148fc2b4a3e90aa.png 1231w\" sizes=\"(max-width: 177px) 100vw, 177px\" \/>Thema: Mensch renoviert sich so wie einen alten Mercedes, wie ein altes Haus. Dabei werden konkrete Projekte der Selbstkanierung aufgezeigt. Der Sanierungsbedarf wird ermittelt und die jeweilige Sanierungsstrategie bestimmt.<\/p><p align=\"justify\">Dauer: 6 h<\/p><p align=\"justify\">Einzelthemen: 1. Stille Teilhaber, 2. Superplus, 3. Ein-\/ausschalten, 4. Verlustkraft, 5. Verk\u00f6rperung<\/p><p align=\"justify\"><b>1<\/b><b>. Stille Teilhaber<\/b><\/p><p align=\"justify\">Ein Platzhaltergef\u00fchl zeigt sich, wenn man einmal aus vollem Herzen lacht und merkt, wie da etwas nicht mitlacht, nicht mitgeht und ein Fremdk\u00f6rper bleibt. Der stille Teilhaber besteht in einem Gef\u00fchl der Leere, wo ein lebendiges Gef\u00fchl sein sollte.<\/p><p align=\"justify\">Renovierungspotenzial: Das abgestumpfte Leben in einer Serie von Praktiken wieder ins Leben einbringen, vom Sitzsack (stille Teilhaber im unteren R\u00fccken, in Nacken) wieder durch Bewegung zum vollen K\u00f6rpergef\u00fchl zur\u00fcckfinden. Auch geistige Platzhaltergef\u00fchle (z.B. das leere Warten auf unbestimmte Ver\u00e4nderungen) lassen sich wieder dem Leben zuf\u00fchren.<\/p><p align=\"justify\"><b>2<\/b><b>. Superplus<\/b><\/p><p align=\"justify\">Drei kleine Ereignisse k\u00f6nnen eine Supersumme bilden, in der das Ganze mehr als die Summer seiner Teile ist. Drei kleine Freuden k\u00f6nnen ein Hochgef\u00fchl ausl\u00f6sen; einige unsch\u00f6ne Erlebnisse (Verlust von f\u00fcnf Euro, versp\u00e4tete S-Bahn) Verdruss im \u00dcberma\u00df.<\/p><p align=\"justify\">Renovierungspotenzial: Aus kleinen Gl\u00fcckseinsprengsel Gl\u00fcck machen. Umgekehrt gilt es, die Supersumme zum Schlechten hin nicht zu bilden.<\/p><p align=\"justify\">Anwendungsbeispiel: einige kleine L\u00fcste um sich herum zu versammeln; einige Kochb\u00fccher im Buchladen kaufen, sp\u00e4ter in der K\u00fcche bei einem Glas Wein und einem St\u00fcck Old Amsterdam in den B\u00fcchern bl\u00e4ttern und lockere Kochabsichten im Geist formulieren.<\/p><p align=\"justify\"><b>3. Ein \/ Aus<\/b><\/p><p align=\"justify\">L\u00e4sst sich morgens der Wecker nicht ausschalten und hat die Gl\u00fchbirne einen Wackelkontakt, hilft es, den Stecker zu ziehen. Beim Menschen geht das nicht so leicht. Wer immer weiter isst, nicht aufh\u00f6ren kann oder ohne Punkt und Komma immer weiter redet, braucht diskrete Strategien zum Ein- und Ausschalten.<\/p><p align=\"justify\">Renovierungspotenzial: Verborgene \u201eSchalter\u201c im K\u00f6rper finden, z.B. den Herzschlag senken durch bewusste Steuerung der Atmung (doppelt so lange Ausatmen wie Einatmen). Auf fr\u00f6hliche Weise Resignieren lernen (Stoa), die innere Notwendig aufl\u00f6sen, wichtige Dinge tun zu m\u00fcssen.<\/p><p align=\"justify\"><b>4<\/b><b>. Verlustkraft<\/b><\/p><p align=\"justify\">Ein Marathonl\u00e4ufer verbraucht viel Energie, die sich in der Welt verliert (Verlust), bei ihm aber eine Selbststeigerung (Gewinn) hervorbringt. Durch die Investition von Energie in Widerstand erlebt er eine au\u00dferordentliche Kraftsteigerung.<\/p><p align=\"justify\">Renovierungsbedarf: Sich eine Arbeit suchen mit hoher Verlustkraft, anstatt Dinge zu tun, die blo\u00df anstrengend ohne Selbststeigerung sind. Eine Weltsicht entwickeln, in den Widerst\u00e4nden g\u00fcnstige M\u00f6glichkeiten zur Selbstpotenzierung durch Verausgabung zu entdecken.<\/p><p align=\"justify\">philosophische Quellen: Spinoza, Georges Bataille<\/p><p align=\"justify\"><b>5<\/b><b>. <\/b><b>Verk\u00f6rperung \/ <\/b><b>Inkarnation<\/b><\/p><p align=\"justify\">Der kleine Mann mit Glatze und Bauch vom Finanzamt verk\u00f6rpert den Staat mit seiner Macht. Eine abstrakte Idee, das Steuerrecht, wird im Anblick des M\u00e4nnleins unmittelbar wirklich. Er inkarniert das, was er nicht ist, was aber sinnlich direkt vom Steuerpflichtigen beim Ortstermin beim Finanzamt empfunden wird.<\/p><p align=\"justify\">Renovierungspotenzial: Ein Glas Bardolino kann die abstrakte Idee von Italien auf der Zunge schmecken lassen. Der Bardolino verk\u00f6rpert Italien. Beim Sex k\u00f6nnen fragw\u00fcrdige Fl\u00fcssigkeiten und Ger\u00fcche Aphrodisiaka inkarnieren. Harmlose Dinge k\u00f6nnen also gro\u00dfartige Bedeutung gewinnen.<\/p><\/div>\n\t\t\t\t<\/div>\n\t\t\t\t<\/div>\n\t\t\t\t\t\t<\/div>\n\t\t\t<\/div>\n\t\t<\/div>\n\t\t\t\t\t\t<\/div>\n\t\t\t<\/div>\n\t\t<\/section>\n\t\t\t\t<section class=\"elementor-element elementor-element-82fef87 elementor-section-boxed elementor-section-height-default elementor-section-height-default elementor-section elementor-top-section\" data-id=\"82fef87\" data-element_type=\"section\">\n\t\t\t\t\t\t<div class=\"elementor-container elementor-column-gap-default\">\n\t\t\t\t<div class=\"elementor-row\">\n\t\t\t\t<div class=\"elementor-element elementor-element-5f49bf0 elementor-column elementor-col-100 elementor-top-column\" data-id=\"5f49bf0\" data-element_type=\"column\">\n\t\t\t<div class=\"elementor-column-wrap  elementor-element-populated\">\n\t\t\t\t\t<div class=\"elementor-widget-wrap\">\n\t\t\t\t<div class=\"elementor-element elementor-element-7cb522d elementor-widget elementor-widget-divider\" data-id=\"7cb522d\" data-element_type=\"widget\" data-widget_type=\"divider.default\">\n\t\t\t\t<div class=\"elementor-widget-container\">\n\t\t\t\t\t<div class=\"elementor-divider\">\n\t\t\t<span class=\"elementor-divider-separator\">\n\t\t\t\t\t\t<\/span>\n\t\t<\/div>\n\t\t\t\t<\/div>\n\t\t\t\t<\/div>\n\t\t\t\t<div class=\"elementor-element elementor-element-a0045ed elementor-align-center elementor-widget elementor-widget-mega-menu\" data-id=\"a0045ed\" data-element_type=\"widget\" data-widget_type=\"mega-menu.default\">\n\t\t\t\t<div class=\"elementor-widget-container\">\n\t\t\t\t\t\n\t\t<nav itemtype=\"http:\/\/schema.org\/SiteNavigationElement\" itemscope=\"itemscope\" class=\"cbp-hsmenu-wrapper\" id=\"cbp-hsmenu-wrapper\">\n\t\t\t<div class=\"cbp-hsinner\">\n\t\t\t\t<ul id=\"mega-menu\" class=\"cbp-hsmenu\"><li id=\"menu-item-764\" class=\"menu-item menu-item-type-post_type menu-item-object-page menu-item-764\"><a href=\"https:\/\/signalwerk-leben.de\/?page_id=756\">Selbstregierung<\/a><\/li>\n<li id=\"menu-item-759\" class=\"menu-item menu-item-type-post_type menu-item-object-page menu-item-759\"><a href=\"https:\/\/signalwerk-leben.de\/?page_id=58\">Gastrosophie<\/a><\/li>\n<li id=\"menu-item-760\" class=\"menu-item menu-item-type-post_type menu-item-object-page menu-item-760\"><a href=\"https:\/\/signalwerk-leben.de\/?page_id=56\">Psychotherapie des guten Lebens<\/a><\/li>\n<li id=\"menu-item-762\" class=\"menu-item menu-item-type-post_type menu-item-object-page menu-item-762\"><a href=\"https:\/\/signalwerk-leben.de\/?page_id=754\">Mensch renoviere Dich !<\/a><\/li>\n<li id=\"menu-item-777\" class=\"menu-item menu-item-type-post_type menu-item-object-page menu-item-777\"><a href=\"https:\/\/signalwerk-leben.de\/?page_id=70\">Impressum<\/a><\/li>\n<li id=\"menu-item-935\" class=\"menu-item menu-item-type-post_type menu-item-object-page menu-item-935\"><a href=\"https:\/\/signalwerk-leben.de\/?page_id=896\">Agiles Management<\/a><\/li>\n<li id=\"menu-item-936\" class=\"menu-item menu-item-type-post_type menu-item-object-page menu-item-936\"><a href=\"https:\/\/signalwerk-leben.de\/?page_id=918\">Sex &#038; Erotik<\/a><\/li>\n<\/ul>\t\t\t<\/div>\n\t\t<\/nav>\n\t\t\t\t<\/div>\n\t\t\t\t<\/div>\n\t\t\t\t\t\t<\/div>\n\t\t\t<\/div>\n\t\t<\/div>\n\t\t\t\t\t\t<\/div>\n\t\t\t<\/div>\n\t\t<\/section>\n\t\t\t\t<section class=\"elementor-element elementor-element-524e3b8 elementor-section-boxed elementor-section-height-default elementor-section-height-default elementor-section elementor-top-section\" data-id=\"524e3b8\" data-element_type=\"section\">\n\t\t\t\t\t\t<div class=\"elementor-container elementor-column-gap-default\">\n\t\t\t\t<div class=\"elementor-row\">\n\t\t\t\t<div class=\"elementor-element elementor-element-fe681ef elementor-column elementor-col-100 elementor-top-column\" data-id=\"fe681ef\" data-element_type=\"column\">\n\t\t\t<div class=\"elementor-column-wrap\">\n\t\t\t\t\t<div class=\"elementor-widget-wrap\">\n\t\t\t\t\t\t<\/div>\n\t\t\t<\/div>\n\t\t<\/div>\n\t\t\t\t\t\t<\/div>\n\t\t\t<\/div>\n\t\t<\/section>\n\t\t\t\t\t\t<\/div>\n\t\t\t<\/div>\n\t\t<\/div>\n\t\t","protected":false},"excerpt":{"rendered":"<p>Psychotherapie Selbstregierung Gastrosophie Mensch renoviere Dich ! Agiles Management Sex &#038; Erotik Mensch renoviere Dich! Renovieren weckt eine Urlust im Menschen. Es ist die reine&hellip;<\/p>\n","protected":false},"author":1,"featured_media":0,"parent":0,"menu_order":0,"comment_status":"closed","ping_status":"closed","template":"template-page-builder-no-header-footer.php","meta":[],"_links":{"self":[{"href":"https:\/\/signalwerk-leben.de\/index.php?rest_route=\/wp\/v2\/pages\/754"}],"collection":[{"href":"https:\/\/signalwerk-leben.de\/index.php?rest_route=\/wp\/v2\/pages"}],"about":[{"href":"https:\/\/signalwerk-leben.de\/index.php?rest_route=\/wp\/v2\/types\/page"}],"author":[{"embeddable":true,"href":"https:\/\/signalwerk-leben.de\/index.php?rest_route=\/wp\/v2\/users\/1"}],"replies":[{"embeddable":true,"href":"https:\/\/signalwerk-leben.de\/index.php?rest_route=%2Fwp%2Fv2%2Fcomments&post=754"}],"version-history":[{"count":30,"href":"https:\/\/signalwerk-leben.de\/index.php?rest_route=\/wp\/v2\/pages\/754\/revisions"}],"predecessor-version":[{"id":1104,"href":"https:\/\/signalwerk-leben.de\/index.php?rest_route=\/wp\/v2\/pages\/754\/revisions\/1104"}],"wp:attachment":[{"href":"https:\/\/signalwerk-leben.de\/index.php?rest_route=%2Fwp%2Fv2%2Fmedia&parent=754"}],"curies":[{"name":"wp","href":"https:\/\/api.w.org\/{rel}","templated":true}]}}