{"id":75,"date":"2017-11-01T22:00:48","date_gmt":"2017-11-01T21:00:48","guid":{"rendered":"http:\/\/web238.web01.nyte-space.de\/?page_id=75"},"modified":"2024-12-24T09:42:39","modified_gmt":"2024-12-24T09:42:39","slug":"signalwerk-leben","status":"publish","type":"page","link":"https:\/\/signalwerk-leben.de\/","title":{"rendered":"Signalwerk Leben"},"content":{"rendered":"\t\t<div data-elementor-type=\"wp-post\" data-elementor-id=\"75\" class=\"elementor elementor-75\" data-elementor-settings=\"[]\">\n\t\t\t<div class=\"elementor-inner\">\n\t\t\t\t<div class=\"elementor-section-wrap\">\n\t\t\t\t\t\t\t<section class=\"elementor-element elementor-element-qklahqd elementor-section-boxed elementor-section-height-default elementor-section-height-default elementor-section elementor-top-section\" data-id=\"qklahqd\" data-element_type=\"section\">\n\t\t\t\t\t\t<div class=\"elementor-container elementor-column-gap-default\">\n\t\t\t\t<div class=\"elementor-row\">\n\t\t\t\t<div class=\"elementor-element elementor-element-wncmkyz elementor-column elementor-col-50 elementor-top-column\" data-id=\"wncmkyz\" data-element_type=\"column\">\n\t\t\t<div class=\"elementor-column-wrap  elementor-element-populated\">\n\t\t\t\t\t<div class=\"elementor-widget-wrap\">\n\t\t\t\t<div class=\"elementor-element elementor-element-gvnglxb elementor-widget elementor-widget-image\" data-id=\"gvnglxb\" data-element_type=\"widget\" data-widget_type=\"image.default\">\n\t\t\t\t<div class=\"elementor-widget-container\">\n\t\t\t\t\t<div class=\"elementor-image\">\n\t\t\t\t\t\t\t\t\t\t<img width=\"814\" height=\"199\" src=\"https:\/\/signalwerk-leben.de\/wp-content\/uploads\/2023\/01\/Bosch45.jpeg\" class=\"attachment-2048x2048 size-2048x2048\" alt=\"\" loading=\"lazy\" srcset=\"https:\/\/signalwerk-leben.de\/wp-content\/uploads\/2023\/01\/Bosch45.jpeg 814w, https:\/\/signalwerk-leben.de\/wp-content\/uploads\/2023\/01\/Bosch45-300x73.jpeg 300w, https:\/\/signalwerk-leben.de\/wp-content\/uploads\/2023\/01\/Bosch45-768x188.jpeg 768w\" sizes=\"(max-width: 814px) 100vw, 814px\" \/>\t\t\t\t\t\t\t\t\t\t\t<\/div>\n\t\t\t\t<\/div>\n\t\t\t\t<\/div>\n\t\t\t\t\t\t<\/div>\n\t\t\t<\/div>\n\t\t<\/div>\n\t\t\t\t<div class=\"elementor-element elementor-element-djqekyz elementor-column elementor-col-50 elementor-top-column\" data-id=\"djqekyz\" data-element_type=\"column\">\n\t\t\t<div class=\"elementor-column-wrap\">\n\t\t\t\t\t<div class=\"elementor-widget-wrap\">\n\t\t\t\t\t\t<\/div>\n\t\t\t<\/div>\n\t\t<\/div>\n\t\t\t\t\t\t<\/div>\n\t\t\t<\/div>\n\t\t<\/section>\n\t\t\t\t<section class=\"elementor-element elementor-element-arwhmwn elementor-section-boxed elementor-section-height-default elementor-section-height-default elementor-section elementor-top-section\" data-id=\"arwhmwn\" data-element_type=\"section\">\n\t\t\t\t\t\t<div class=\"elementor-container elementor-column-gap-default\">\n\t\t\t\t<div class=\"elementor-row\">\n\t\t\t\t<div class=\"elementor-element elementor-element-tznuxxw elementor-column elementor-col-100 elementor-top-column\" data-id=\"tznuxxw\" data-element_type=\"column\">\n\t\t\t<div class=\"elementor-column-wrap  elementor-element-populated\">\n\t\t\t\t\t<div class=\"elementor-widget-wrap\">\n\t\t\t\t<div class=\"elementor-element elementor-element-gbzzqut elementor-widget elementor-widget-divider\" data-id=\"gbzzqut\" data-element_type=\"widget\" data-widget_type=\"divider.default\">\n\t\t\t\t<div class=\"elementor-widget-container\">\n\t\t\t\t\t<div class=\"elementor-divider\">\n\t\t\t<span class=\"elementor-divider-separator\">\n\t\t\t\t\t\t<\/span>\n\t\t<\/div>\n\t\t\t\t<\/div>\n\t\t\t\t<\/div>\n\t\t\t\t\t\t<\/div>\n\t\t\t<\/div>\n\t\t<\/div>\n\t\t\t\t\t\t<\/div>\n\t\t\t<\/div>\n\t\t<\/section>\n\t\t\t\t<section class=\"elementor-element elementor-element-ea03991 elementor-section-boxed elementor-section-height-default elementor-section-height-default elementor-section elementor-top-section\" data-id=\"ea03991\" data-element_type=\"section\">\n\t\t\t\t\t\t<div class=\"elementor-container elementor-column-gap-default\">\n\t\t\t\t<div class=\"elementor-row\">\n\t\t\t\t<div class=\"elementor-element elementor-element-5812eba elementor-column elementor-col-100 elementor-top-column\" data-id=\"5812eba\" data-element_type=\"column\">\n\t\t\t<div class=\"elementor-column-wrap  elementor-element-populated\">\n\t\t\t\t\t<div class=\"elementor-widget-wrap\">\n\t\t\t\t<div class=\"elementor-element elementor-element-115e566 elementor-align-center elementor-widget elementor-widget-mega-menu\" data-id=\"115e566\" data-element_type=\"widget\" data-widget_type=\"mega-menu.default\">\n\t\t\t\t<div class=\"elementor-widget-container\">\n\t\t\t\t\t\n\t\t<nav itemtype=\"http:\/\/schema.org\/SiteNavigationElement\" itemscope=\"itemscope\" class=\"cbp-hsmenu-wrapper\" id=\"cbp-hsmenu-wrapper\">\n\t\t\t<div class=\"cbp-hsinner\">\n\t\t\t\t<ul id=\"mega-menu\" class=\"cbp-hsmenu\"><li id=\"menu-item-701\" class=\"menu-item menu-item-type-post_type menu-item-object-page menu-item-701\"><a href=\"https:\/\/signalwerk-leben.de\/?page_id=56\">Psychotherapie<\/a><\/li>\n<li id=\"menu-item-766\" class=\"menu-item menu-item-type-post_type menu-item-object-page menu-item-766\"><a href=\"https:\/\/signalwerk-leben.de\/?page_id=756\">Selbstregierung<\/a><\/li>\n<li id=\"menu-item-699\" class=\"menu-item menu-item-type-post_type menu-item-object-page menu-item-699\"><a href=\"https:\/\/signalwerk-leben.de\/?page_id=58\">Gastrosophie<\/a><\/li>\n<li id=\"menu-item-773\" class=\"menu-item menu-item-type-post_type menu-item-object-page menu-item-773\"><a href=\"https:\/\/signalwerk-leben.de\/?page_id=754\">Mensch renoviere Dich !<\/a><\/li>\n<li id=\"menu-item-940\" class=\"menu-item menu-item-type-post_type menu-item-object-page menu-item-940\"><a href=\"https:\/\/signalwerk-leben.de\/?page_id=896\">Agiles Management<\/a><\/li>\n<li id=\"menu-item-941\" class=\"menu-item menu-item-type-post_type menu-item-object-page menu-item-941\"><a href=\"https:\/\/signalwerk-leben.de\/?page_id=918\">Sex &#038; Erotik<\/a><\/li>\n<\/ul>\t\t\t<\/div>\n\t\t<\/nav>\n\t\t\t\t<\/div>\n\t\t\t\t<\/div>\n\t\t\t\t\t\t<\/div>\n\t\t\t<\/div>\n\t\t<\/div>\n\t\t\t\t\t\t<\/div>\n\t\t\t<\/div>\n\t\t<\/section>\n\t\t\t\t<section class=\"elementor-element elementor-element-zxskrjx elementor-section-boxed elementor-section-height-default elementor-section-height-default elementor-section elementor-top-section\" data-id=\"zxskrjx\" data-element_type=\"section\">\n\t\t\t\t\t\t<div class=\"elementor-container elementor-column-gap-default\">\n\t\t\t\t<div class=\"elementor-row\">\n\t\t\t\t<div class=\"elementor-element elementor-element-ismpvwh elementor-column elementor-col-100 elementor-top-column\" data-id=\"ismpvwh\" data-element_type=\"column\">\n\t\t\t<div class=\"elementor-column-wrap  elementor-element-populated\">\n\t\t\t\t\t<div class=\"elementor-widget-wrap\">\n\t\t\t\t<section class=\"elementor-element elementor-element-etjsnoy elementor-section-boxed elementor-section-height-default elementor-section-height-default elementor-section elementor-inner-section\" data-id=\"etjsnoy\" data-element_type=\"section\">\n\t\t\t\t\t\t<div class=\"elementor-container elementor-column-gap-default\">\n\t\t\t\t<div class=\"elementor-row\">\n\t\t\t\t<div class=\"elementor-element elementor-element-cbvvcnp elementor-column elementor-col-50 elementor-inner-column\" data-id=\"cbvvcnp\" data-element_type=\"column\">\n\t\t\t<div class=\"elementor-column-wrap  elementor-element-populated\">\n\t\t\t\t\t<div class=\"elementor-widget-wrap\">\n\t\t\t\t<div class=\"elementor-element elementor-element-nqqrrfq elementor-widget elementor-widget-text-editor\" data-id=\"nqqrrfq\" data-element_type=\"widget\" data-widget_type=\"text-editor.default\">\n\t\t\t\t<div class=\"elementor-widget-container\">\n\t\t\t\t\t<div class=\"elementor-text-editor elementor-clearfix\"><p class=\"western\"><span style=\"font-family: georgia, palatino, serif;\"><strong><span style=\"color: #c907f0;\">|<\/span> Um was es geht<\/strong><\/span><\/p><p class=\"western\" align=\"justify\"><span style=\"font-size: medium; font-family: georgia, palatino, serif;\"><img loading=\"lazy\" class=\"wp-image-157 alignleft\" src=\"http:\/\/signalwerk-leben.de\/wp-content\/uploads\/2017\/11\/Borelli-II.jpg\" alt=\"\" width=\"111\" height=\"127\" srcset=\"https:\/\/signalwerk-leben.de\/wp-content\/uploads\/2017\/11\/Borelli-II.jpg 800w, https:\/\/signalwerk-leben.de\/wp-content\/uploads\/2017\/11\/Borelli-II-262x300.jpg 262w, https:\/\/signalwerk-leben.de\/wp-content\/uploads\/2017\/11\/Borelli-II-768x880.jpg 768w\" sizes=\"(max-width: 111px) 100vw, 111px\" \/>Wer ist eigentlich f\u00fcr das gute Leben zust\u00e4ndig? F\u00fcr das schlechte Leben sind es die Psychotherapeuten. Sie bringen den schief seitw\u00e4rts abgleitenden Menschen wieder in die Spur \u2013 in die Normalit\u00e4t. Aber was ist mit den Menschen, denen es nicht schlecht, aber eben auch nicht gut geht? Wer ist f\u00fcr Zufriedenheit, Lust und Gl\u00fcck zust\u00e4ndig?<\/span><\/p><p class=\"western\" align=\"justify\"><span style=\"font-size: medium; font-family: georgia, palatino, serif;\">Die Psychotherapie ist es nicht und auch der klassische Ratgeber ist daf\u00fcr nicht der richtige Ort. Er verharmlost und verniedlicht in aller Regel den Aufwand ein anderer und gl\u00fccklicherer Mensch zu werden. <i>Signalwerk Leben<\/i> bietet einen Zugang dazu und zeigt, wie man aus der etwas faden Normalit\u00e4t des Alltags in ein lustvolleres Leben kommen kann. <\/span><\/p><p class=\"western\" align=\"justify\"><span style=\"font-size: medium; font-family: georgia, palatino, serif;\">Zu diesen Themen bieten wir in Deutschland, Frankreich und \u00d6sterreich Seminare an. Aktiv sind wir auch in der Supervision in psychosozialen Berufen t\u00e4tig, so wie auch in der Beratung von Menschen, die mit ihren Fragen nicht zu einem Psychotherapeuten gehen wollen, sei es, dass es ihnen um die Gestaltung eines guten Lebens geht, oder sei es, dass sie ihre Probleme nicht als Pathologie begreifen.<\/span><\/p><p class=\"western\" align=\"justify\"><span class=\"strichviolett\" style=\"font-family: georgia, palatino, serif;\"><span style=\"color: #ce0ee3;\">____________________<span class=\"strichviolett\">______<\/span><\/span><\/span><\/p><p class=\"western\" align=\"justify\"><span style=\"font-family: georgia, palatino, serif;\"> <strong class=\"werkstattdeslebenstextgroe\u00dfe\">Zur Person<\/strong><em><strong class=\"werkstattdeslebenstextgroe\u00dfe\"><br \/><\/strong><\/em><\/span><\/p><p><span style=\"font-family: georgia, palatino, serif;\"><em><img loading=\"lazy\" class=\"wp-image-46 alignleft\" style=\"margin-bottom: 10px; margin-top: 10px;\" src=\"http:\/\/signalwerk-leben.de\/wp-content\/uploads\/2017\/11\/S_Kn\u00f6pker_Bild-1.jpg\" width=\"86\" height=\"137\" srcset=\"https:\/\/signalwerk-leben.de\/wp-content\/uploads\/2017\/11\/S_Kn\u00f6pker_Bild-1.jpg 1385w, https:\/\/signalwerk-leben.de\/wp-content\/uploads\/2017\/11\/S_Kn\u00f6pker_Bild-1-188x300.jpg 188w, https:\/\/signalwerk-leben.de\/wp-content\/uploads\/2017\/11\/S_Kn\u00f6pker_Bild-1-643x1024.jpg 643w, https:\/\/signalwerk-leben.de\/wp-content\/uploads\/2017\/11\/S_Kn\u00f6pker_Bild-1-768x1223.jpg 768w, https:\/\/signalwerk-leben.de\/wp-content\/uploads\/2017\/11\/S_Kn\u00f6pker_Bild-1-965x1536.jpg 965w, https:\/\/signalwerk-leben.de\/wp-content\/uploads\/2017\/11\/S_Kn\u00f6pker_Bild-1-1286x2048.jpg 1286w, https:\/\/signalwerk-leben.de\/wp-content\/uploads\/2017\/11\/S_Kn\u00f6pker_Bild-1-1200x1910.jpg 1200w\" sizes=\"(max-width: 86px) 100vw, 86px\" \/>Sebastian Kn\u00f6pker<\/em>, Dr. phil., wiss. Mitarbeiter der Universit\u00e9 Louvain-la-Neuve, Philosoph und Politikwissenschaftler, Lektor, \u00dcbersetzer, Autor, Hedonist. Ver\u00f6ffentlichungen zu den Themen Ph\u00e4nomenologie, Pragmatismus und\u00a0 Hedonismus.<\/span><\/p><\/div>\n\t\t\t\t<\/div>\n\t\t\t\t<\/div>\n\t\t\t\t\t\t<\/div>\n\t\t\t<\/div>\n\t\t<\/div>\n\t\t\t\t<div class=\"elementor-element elementor-element-lflewoz elementor-column elementor-col-50 elementor-inner-column\" data-id=\"lflewoz\" data-element_type=\"column\">\n\t\t\t<div class=\"elementor-column-wrap  elementor-element-populated\">\n\t\t\t\t\t<div class=\"elementor-widget-wrap\">\n\t\t\t\t<div class=\"elementor-element elementor-element-usceenk elementor-widget elementor-widget-text-editor\" data-id=\"usceenk\" data-element_type=\"widget\" data-widget_type=\"text-editor.default\">\n\t\t\t\t<div class=\"elementor-widget-container\">\n\t\t\t\t\t<div class=\"elementor-text-editor elementor-clearfix\"><p><span style=\"font-family: georgia, palatino, serif; font-size: 14pt;\"><strong><span style=\"color: #c907f0;\">|<\/span> Aktuelle Veranstaltungen<\/strong><\/span><\/p><p>23. August 2025 <strong>|<\/strong> <i>Gastrosophisches Symposium<\/i> | Kunstmuseum Donau-Ries, Wemding<\/p><p>Gastmahl im Rahmen der Tagung \u00ab\u00a0\u00dcber das Leben und Sterben &#8211; Konzepte zum Tod und Sterben in den Kulturen\u00a0\u00bb<\/p><p>\u00a0\u00a0\u00a0\u00a0 \u00a0 \u00a0 \u00a0 \u00a0\u00a0 \u00a0 <span style=\"color: #c907f0; font-family: georgia, palatino, serif; font-size: 14pt;\">____________<\/span><\/p><p><img loading=\"lazy\" src=\"https:\/\/signalwerk-leben.de\/wp-content\/uploads\/2022\/11\/Gesicht-649-300x300.png\" alt=\"\" width=\"68\" height=\"68\" \/>26. &#8211; 28 September 2025 <strong>|<\/strong> <i>Pomosophisches Festival<\/i> <strong>| Schauenburg (Kassel)<br \/><\/strong><\/p><p><strong>Dreit\u00e4gige Veranstaltung \u00fcber die Philosophie des Apfels und des Apfelweins<br \/><\/strong><\/p><p>Brennerei &amp; Sektmanufaktur &#8211; Joachim D\u00f6hne, Hauptstra\u00dfe 31, 34270 Schauenburg<\/p><p align=\"justify\"><span style=\"color: #c907f0; font-family: georgia, palatino, serif; font-size: 14pt;\">\u00a0\u00a0\u00a0\u00a0\u00a0\u00a0 \u00a0 \u00a0 \u00a0 \u00a0\u00a0 ____________<\/span><\/p><p><strong>| www.phaenomenologica.de<br \/><\/strong><\/p><p>&#8230; ein Blog von <em>Signalwerk Leben<\/em>, der klassische Texte zur Ph\u00e4nomenologie und philosophische Experimente enth\u00e4lt.<\/p><p><a href=\"http:\/\/phaenomenologica.de\"><img loading=\"lazy\" src=\"http:\/\/signalwerk-leben.de\/wp-content\/uploads\/2017\/11\/phaenomenologica_\u00e9cran.jpeg\" alt=\"\" width=\"1533\" height=\"1077\" \/><\/a><\/p><\/div>\n\t\t\t\t<\/div>\n\t\t\t\t<\/div>\n\t\t\t\t\t\t<\/div>\n\t\t\t<\/div>\n\t\t<\/div>\n\t\t\t\t\t\t<\/div>\n\t\t\t<\/div>\n\t\t<\/section>\n\t\t\t\t\t\t<\/div>\n\t\t\t<\/div>\n\t\t<\/div>\n\t\t\t\t\t\t<\/div>\n\t\t\t<\/div>\n\t\t<\/section>\n\t\t\t\t<section class=\"elementor-element elementor-element-iqatrgt elementor-section-boxed elementor-section-height-default elementor-section-height-default elementor-section elementor-top-section\" data-id=\"iqatrgt\" data-element_type=\"section\">\n\t\t\t\t\t\t<div class=\"elementor-container elementor-column-gap-default\">\n\t\t\t\t<div class=\"elementor-row\">\n\t\t\t\t<div class=\"elementor-element elementor-element-dzhauhm elementor-column elementor-col-100 elementor-top-column\" data-id=\"dzhauhm\" data-element_type=\"column\">\n\t\t\t<div class=\"elementor-column-wrap  elementor-element-populated\">\n\t\t\t\t\t<div class=\"elementor-widget-wrap\">\n\t\t\t\t<section class=\"elementor-element elementor-element-axqcvho elementor-section-boxed elementor-section-height-default elementor-section-height-default elementor-section elementor-inner-section\" data-id=\"axqcvho\" data-element_type=\"section\">\n\t\t\t\t\t\t<div class=\"elementor-container elementor-column-gap-default\">\n\t\t\t\t<div class=\"elementor-row\">\n\t\t\t\t<div class=\"elementor-element elementor-element-hdigcbw elementor-column elementor-col-50 elementor-inner-column\" data-id=\"hdigcbw\" data-element_type=\"column\">\n\t\t\t<div class=\"elementor-column-wrap  elementor-element-populated\">\n\t\t\t\t\t<div class=\"elementor-widget-wrap\">\n\t\t\t\t<div class=\"elementor-element elementor-element-vyejret elementor-widget elementor-widget-text-editor\" data-id=\"vyejret\" data-element_type=\"widget\" data-widget_type=\"text-editor.default\">\n\t\t\t\t<div class=\"elementor-widget-container\">\n\t\t\t\t\t<div class=\"elementor-text-editor elementor-clearfix\"><\/div>\n\t\t\t\t<\/div>\n\t\t\t\t<\/div>\n\t\t\t\t\t\t<\/div>\n\t\t\t<\/div>\n\t\t<\/div>\n\t\t\t\t<div class=\"elementor-element elementor-element-pbwyvyz elementor-column elementor-col-50 elementor-inner-column\" data-id=\"pbwyvyz\" data-element_type=\"column\">\n\t\t\t<div class=\"elementor-column-wrap  elementor-element-populated\">\n\t\t\t\t\t<div class=\"elementor-widget-wrap\">\n\t\t\t\t<div class=\"elementor-element elementor-element-qxvhpky elementor-widget elementor-widget-text-editor\" data-id=\"qxvhpky\" data-element_type=\"widget\" data-widget_type=\"text-editor.default\">\n\t\t\t\t<div class=\"elementor-widget-container\">\n\t\t\t\t\t<div class=\"elementor-text-editor elementor-clearfix\"><\/div>\n\t\t\t\t<\/div>\n\t\t\t\t<\/div>\n\t\t\t\t\t\t<\/div>\n\t\t\t<\/div>\n\t\t<\/div>\n\t\t\t\t\t\t<\/div>\n\t\t\t<\/div>\n\t\t<\/section>\n\t\t\t\t\t\t<\/div>\n\t\t\t<\/div>\n\t\t<\/div>\n\t\t\t\t\t\t<\/div>\n\t\t\t<\/div>\n\t\t<\/section>\n\t\t\t\t<section class=\"elementor-element elementor-element-tcdmbxy elementor-section-boxed elementor-section-height-default elementor-section-height-default elementor-section elementor-top-section\" data-id=\"tcdmbxy\" data-element_type=\"section\">\n\t\t\t\t\t\t<div class=\"elementor-container elementor-column-gap-default\">\n\t\t\t\t<div class=\"elementor-row\">\n\t\t\t\t<div class=\"elementor-element elementor-element-pevudvi elementor-column elementor-col-100 elementor-top-column\" data-id=\"pevudvi\" data-element_type=\"column\">\n\t\t\t<div class=\"elementor-column-wrap  elementor-element-populated\">\n\t\t\t\t\t<div class=\"elementor-widget-wrap\">\n\t\t\t\t<div class=\"elementor-element elementor-element-tqkwgot elementor-widget elementor-widget-divider\" data-id=\"tqkwgot\" data-element_type=\"widget\" data-widget_type=\"divider.default\">\n\t\t\t\t<div class=\"elementor-widget-container\">\n\t\t\t\t\t<div class=\"elementor-divider\">\n\t\t\t<span class=\"elementor-divider-separator\">\n\t\t\t\t\t\t<\/span>\n\t\t<\/div>\n\t\t\t\t<\/div>\n\t\t\t\t<\/div>\n\t\t\t\t\t\t<\/div>\n\t\t\t<\/div>\n\t\t<\/div>\n\t\t\t\t\t\t<\/div>\n\t\t\t<\/div>\n\t\t<\/section>\n\t\t\t\t<section class=\"elementor-element elementor-element-227389d elementor-section-boxed elementor-section-height-default elementor-section-height-default elementor-section elementor-top-section\" data-id=\"227389d\" data-element_type=\"section\">\n\t\t\t\t\t\t<div class=\"elementor-container elementor-column-gap-default\">\n\t\t\t\t<div class=\"elementor-row\">\n\t\t\t\t<div class=\"elementor-element elementor-element-c105479 elementor-column elementor-col-100 elementor-top-column\" data-id=\"c105479\" data-element_type=\"column\">\n\t\t\t<div class=\"elementor-column-wrap  elementor-element-populated\">\n\t\t\t\t\t<div class=\"elementor-widget-wrap\">\n\t\t\t\t<div class=\"elementor-element elementor-element-ac886fd elementor-align-center elementor-widget elementor-widget-mega-menu\" data-id=\"ac886fd\" data-element_type=\"widget\" data-widget_type=\"mega-menu.default\">\n\t\t\t\t<div class=\"elementor-widget-container\">\n\t\t\t\t\t\n\t\t<nav itemtype=\"http:\/\/schema.org\/SiteNavigationElement\" itemscope=\"itemscope\" class=\"cbp-hsmenu-wrapper\" id=\"cbp-hsmenu-wrapper\">\n\t\t\t<div class=\"cbp-hsinner\">\n\t\t\t\t<ul id=\"mega-menu\" class=\"cbp-hsmenu\"><li id=\"menu-item-764\" class=\"menu-item menu-item-type-post_type menu-item-object-page menu-item-764\"><a href=\"https:\/\/signalwerk-leben.de\/?page_id=756\">Selbstregierung<\/a><\/li>\n<li id=\"menu-item-759\" class=\"menu-item menu-item-type-post_type menu-item-object-page menu-item-759\"><a href=\"https:\/\/signalwerk-leben.de\/?page_id=58\">Gastrosophie<\/a><\/li>\n<li id=\"menu-item-760\" class=\"menu-item menu-item-type-post_type menu-item-object-page menu-item-760\"><a href=\"https:\/\/signalwerk-leben.de\/?page_id=56\">Psychotherapie des guten Lebens<\/a><\/li>\n<li id=\"menu-item-762\" class=\"menu-item menu-item-type-post_type menu-item-object-page menu-item-762\"><a href=\"https:\/\/signalwerk-leben.de\/?page_id=754\">Mensch renoviere Dich !<\/a><\/li>\n<li id=\"menu-item-777\" class=\"menu-item menu-item-type-post_type menu-item-object-page menu-item-777\"><a href=\"https:\/\/signalwerk-leben.de\/?page_id=70\">Impressum<\/a><\/li>\n<li id=\"menu-item-935\" class=\"menu-item menu-item-type-post_type menu-item-object-page menu-item-935\"><a href=\"https:\/\/signalwerk-leben.de\/?page_id=896\">Agiles Management<\/a><\/li>\n<li id=\"menu-item-936\" class=\"menu-item menu-item-type-post_type menu-item-object-page menu-item-936\"><a href=\"https:\/\/signalwerk-leben.de\/?page_id=918\">Sex &#038; Erotik<\/a><\/li>\n<\/ul>\t\t\t<\/div>\n\t\t<\/nav>\n\t\t\t\t<\/div>\n\t\t\t\t<\/div>\n\t\t\t\t\t\t<\/div>\n\t\t\t<\/div>\n\t\t<\/div>\n\t\t\t\t\t\t<\/div>\n\t\t\t<\/div>\n\t\t<\/section>\n\t\t\t\t\t\t<\/div>\n\t\t\t<\/div>\n\t\t<\/div>\n\t\t","protected":false},"excerpt":{"rendered":"<p>Psychotherapie Selbstregierung Gastrosophie Mensch renoviere Dich ! Agiles Management Sex &#038; Erotik | Um was es geht Wer ist eigentlich f\u00fcr das gute Leben zust\u00e4ndig?&hellip;<\/p>\n","protected":false},"author":1,"featured_media":0,"parent":0,"menu_order":0,"comment_status":"closed","ping_status":"closed","template":"","meta":[],"_links":{"self":[{"href":"https:\/\/signalwerk-leben.de\/index.php?rest_route=\/wp\/v2\/pages\/75"}],"collection":[{"href":"https:\/\/signalwerk-leben.de\/index.php?rest_route=\/wp\/v2\/pages"}],"about":[{"href":"https:\/\/signalwerk-leben.de\/index.php?rest_route=\/wp\/v2\/types\/page"}],"author":[{"embeddable":true,"href":"https:\/\/signalwerk-leben.de\/index.php?rest_route=\/wp\/v2\/users\/1"}],"replies":[{"embeddable":true,"href":"https:\/\/signalwerk-leben.de\/index.php?rest_route=%2Fwp%2Fv2%2Fcomments&post=75"}],"version-history":[{"count":41,"href":"https:\/\/signalwerk-leben.de\/index.php?rest_route=\/wp\/v2\/pages\/75\/revisions"}],"predecessor-version":[{"id":1124,"href":"https:\/\/signalwerk-leben.de\/index.php?rest_route=\/wp\/v2\/pages\/75\/revisions\/1124"}],"wp:attachment":[{"href":"https:\/\/signalwerk-leben.de\/index.php?rest_route=%2Fwp%2Fv2%2Fmedia&parent=75"}],"curies":[{"name":"wp","href":"https:\/\/api.w.org\/{rel}","templated":true}]}}